{"id":69,"date":"2024-08-21T09:25:32","date_gmt":"2024-08-21T09:25:32","guid":{"rendered":"https:\/\/kumulon.com\/?page_id=69"},"modified":"2024-09-24T07:38:48","modified_gmt":"2024-09-24T07:38:48","slug":"contact","status":"publish","type":"page","link":"https:\/\/kumulon.com\/de\/contact\/","title":{"rendered":"Kontakt"},"content":{"rendered":"<div data-elementor-type=\"wp-page\" data-elementor-id=\"69\" class=\"elementor elementor-69\" data-elementor-post-type=\"page\">\n\t\t\t\t<div data-particle_enable=\"false\" data-particle-mobile-disabled=\"false\" class=\"elementor-element elementor-element-5ee82cc1 e-con-full e-flex e-con e-parent\" data-id=\"5ee82cc1\" data-element_type=\"container\">\n\t\t\t\t<div class=\"elementor-element elementor-element-dc8ec8a elementor-widget elementor-widget-spacer\" data-id=\"dc8ec8a\" data-element_type=\"widget\" data-widget_type=\"spacer.default\">\n\t\t\t\t<div class=\"elementor-widget-container\">\n\t\t\t\t\t\t\t<div class=\"elementor-spacer\">\n\t\t\t<div class=\"elementor-spacer-inner\"><\/div>\n\t\t<\/div>\n\t\t\t\t\t\t<\/div>\n\t\t\t\t<\/div>\n\t\t\t\t<div class=\"elementor-element elementor-element-22c2114e elementor-invisible elementor-widget elementor-widget-google_maps\" data-id=\"22c2114e\" data-element_type=\"widget\" data-settings=\"{&quot;_animation&quot;:&quot;fadeIn&quot;}\" data-widget_type=\"google_maps.default\">\n\t\t\t\t<div class=\"elementor-widget-container\">\n\t\t\t\t\t\t\t<div class=\"elementor-custom-embed\">\n\t\t\t<iframe loading=\"lazy\"\n\t\t\t\t\tsrc=\"https:\/\/maps.google.com\/maps?q=Simeonsplatz%202%2C%20Minden&#038;t=m&#038;z=16&#038;output=embed&#038;iwloc=near\"\n\t\t\t\t\ttitle=\"Simeonsplatz 2, Minden\"\n\t\t\t\t\taria-label=\"Simeonsplatz 2, Minden\"\n\t\t\t><\/iframe>\n\t\t<\/div>\n\t\t\t\t\t\t<\/div>\n\t\t\t\t<\/div>\n\t\t\t\t<\/div>\n\t\t<div data-particle_enable=\"false\" data-particle-mobile-disabled=\"false\" class=\"elementor-element elementor-element-4ef79816 e-flex e-con-boxed e-con e-parent\" data-id=\"4ef79816\" data-element_type=\"container\" data-settings=\"{&quot;background_background&quot;:&quot;classic&quot;}\">\n\t\t\t\t\t<div class=\"e-con-inner\">\n\t\t<div data-particle_enable=\"false\" data-particle-mobile-disabled=\"false\" class=\"elementor-element elementor-element-1eee8615 e-flex e-con-boxed e-con e-child\" data-id=\"1eee8615\" data-element_type=\"container\">\n\t\t\t\t\t<div class=\"e-con-inner\">\n\t\t<div data-particle_enable=\"false\" data-particle-mobile-disabled=\"false\" class=\"elementor-element elementor-element-2d198ac4 e-con-full e-flex e-con e-child\" data-id=\"2d198ac4\" data-element_type=\"container\">\n\t\t\t\t<div class=\"elementor-element elementor-element-60712bb9 elementor-invisible elementor-widget elementor-widget-heading\" data-id=\"60712bb9\" data-element_type=\"widget\" data-settings=\"{&quot;_animation&quot;:&quot;fadeInUp&quot;}\" data-widget_type=\"heading.default\">\n\t\t\t\t<div class=\"elementor-widget-container\">\n\t\t\t\t\t<h2 class=\"elementor-heading-title elementor-size-default\">Nehmen Sie Kontakt mit unserem Expertenteam auf<\/h2>\t\t\t\t<\/div>\n\t\t\t\t<\/div>\n\t\t\t\t<\/div>\n\t\t\t\t\t<\/div>\n\t\t\t\t<\/div>\n\t\t<div data-particle_enable=\"false\" data-particle-mobile-disabled=\"false\" class=\"elementor-element elementor-element-45f0b5f3 e-flex e-con-boxed e-con e-child\" data-id=\"45f0b5f3\" data-element_type=\"container\">\n\t\t\t\t\t<div class=\"e-con-inner\">\n\t\t<div data-particle_enable=\"false\" data-particle-mobile-disabled=\"false\" class=\"elementor-element elementor-element-3f7260a8 e-flex e-con-boxed e-con e-child\" data-id=\"3f7260a8\" data-element_type=\"container\">\n\t\t\t\t\t<div class=\"e-con-inner\">\n\t\t\t\t<div class=\"elementor-element elementor-element-7a9af130 elementor-invisible elementor-widget elementor-widget-text-editor\" data-id=\"7a9af130\" data-element_type=\"widget\" data-settings=\"{&quot;_animation&quot;:&quot;fadeInUp&quot;}\" data-widget_type=\"text-editor.default\">\n\t\t\t\t<div class=\"elementor-widget-container\">\n\t\t\t\t\t\t\t\t\t<p>Ein Firmensitz am Simeonsplatz 2 in 32423 Minden bietet eine einzigartige Mischung aus Geschichte, zentraler Lage und Konnektivit\u00e4t. Mitten im Herzen von Minden gelegen, verbindet diese Adresse den Charme einer historischen Umgebung mit moderner Infrastruktur. Die N\u00e4he zu wichtigen Verkehrswegen und lokalen Einrichtungen macht sie zu einem idealen Ort f\u00fcr die F\u00f6rderung von Zusammenarbeit und Innovation. Die reizvolle Aussicht und das reiche kulturelle Erbe der Stadt Minden tragen ebenfalls zur Attraktivit\u00e4t bei und schaffen ein inspirierendes Umfeld f\u00fcr Mitarbeiter und Kunden.<\/p>\t\t\t\t\t\t\t\t<\/div>\n\t\t\t\t<\/div>\n\t\t\t\t\t<\/div>\n\t\t\t\t<\/div>\n\t\t<div data-particle_enable=\"false\" data-particle-mobile-disabled=\"false\" class=\"elementor-element elementor-element-1c33e163 e-flex e-con-boxed e-con e-child\" data-id=\"1c33e163\" data-element_type=\"container\">\n\t\t\t\t\t<div class=\"e-con-inner\">\n\t\t\t\t<div class=\"elementor-element elementor-element-141c8124 elementor-invisible elementor-widget elementor-widget-image\" data-id=\"141c8124\" data-element_type=\"widget\" data-settings=\"{&quot;_animation&quot;:&quot;fadeInUp&quot;,&quot;_animation_delay&quot;:250}\" data-widget_type=\"image.default\">\n\t\t\t\t<div class=\"elementor-widget-container\">\n\t\t\t\t\t\t\t\t\t\t\t\t\t\t\t<img fetchpriority=\"high\" decoding=\"async\" width=\"1707\" height=\"2560\" src=\"https:\/\/kumulon.com\/wp-content\/uploads\/2024\/08\/IMG_3565-scaled.jpg\" class=\"attachment-full size-full wp-image-228\" alt=\"\" srcset=\"https:\/\/kumulon.com\/wp-content\/uploads\/2024\/08\/IMG_3565-scaled.jpg 1707w, https:\/\/kumulon.com\/wp-content\/uploads\/2024\/08\/IMG_3565-200x300.jpg 200w, https:\/\/kumulon.com\/wp-content\/uploads\/2024\/08\/IMG_3565-683x1024.jpg 683w, https:\/\/kumulon.com\/wp-content\/uploads\/2024\/08\/IMG_3565-768x1152.jpg 768w, https:\/\/kumulon.com\/wp-content\/uploads\/2024\/08\/IMG_3565-1024x1536.jpg 1024w, https:\/\/kumulon.com\/wp-content\/uploads\/2024\/08\/IMG_3565-1365x2048.jpg 1365w\" sizes=\"(max-width: 1707px) 100vw, 1707px\" \/>\t\t\t\t\t\t\t\t\t\t\t\t\t\t\t<\/div>\n\t\t\t\t<\/div>\n\t\t\t\t\t<\/div>\n\t\t\t\t<\/div>\n\t\t<div data-particle_enable=\"false\" data-particle-mobile-disabled=\"false\" class=\"elementor-element elementor-element-1e107184 e-flex e-con-boxed e-con e-child\" data-id=\"1e107184\" data-element_type=\"container\">\n\t\t\t\t\t<div class=\"e-con-inner\">\n\t\t\t\t<div class=\"elementor-element elementor-element-3d65975a elementor-invisible elementor-widget elementor-widget-image\" data-id=\"3d65975a\" data-element_type=\"widget\" data-settings=\"{&quot;_animation&quot;:&quot;fadeInUp&quot;,&quot;_animation_delay&quot;:250}\" data-widget_type=\"image.default\">\n\t\t\t\t<div class=\"elementor-widget-container\">\n\t\t\t\t\t\t\t\t\t\t\t\t\t\t\t<img decoding=\"async\" width=\"816\" height=\"408\" src=\"https:\/\/kumulon.com\/wp-content\/uploads\/2024\/08\/Eckbuero.jpg\" class=\"attachment-full size-full wp-image-278\" alt=\"\" srcset=\"https:\/\/kumulon.com\/wp-content\/uploads\/2024\/08\/Eckbuero.jpg 816w, https:\/\/kumulon.com\/wp-content\/uploads\/2024\/08\/Eckbuero-300x150.jpg 300w, https:\/\/kumulon.com\/wp-content\/uploads\/2024\/08\/Eckbuero-768x384.jpg 768w\" sizes=\"(max-width: 816px) 100vw, 816px\" \/>\t\t\t\t\t\t\t\t\t\t\t\t\t\t\t<\/div>\n\t\t\t\t<\/div>\n\t\t\t\t<div class=\"elementor-element elementor-element-b52975f elementor-widget elementor-widget-spacer\" data-id=\"b52975f\" data-element_type=\"widget\" data-widget_type=\"spacer.default\">\n\t\t\t\t<div class=\"elementor-widget-container\">\n\t\t\t\t\t\t\t<div class=\"elementor-spacer\">\n\t\t\t<div class=\"elementor-spacer-inner\"><\/div>\n\t\t<\/div>\n\t\t\t\t\t\t<\/div>\n\t\t\t\t<\/div>\n\t\t\t\t<div class=\"elementor-element elementor-element-189718cd elementor-position-left elementor-mobile-position-left elementor-view-default elementor-vertical-align-top elementor-invisible elementor-widget elementor-widget-icon-box\" data-id=\"189718cd\" data-element_type=\"widget\" data-settings=\"{&quot;_animation&quot;:&quot;fadeInUp&quot;}\" data-widget_type=\"icon-box.default\">\n\t\t\t\t<div class=\"elementor-widget-container\">\n\t\t\t\t\t\t\t<div class=\"elementor-icon-box-wrapper\">\n\n\t\t\t\t\t\t<div class=\"elementor-icon-box-icon\">\n\t\t\t\t<a href=\"mailto:contact@kumulon.com\" class=\"elementor-icon\" tabindex=\"-1\" aria-label=\"contact@kumulon.com\">\n\t\t\t\t<svg aria-hidden=\"true\" class=\"e-font-icon-svg e-fab-telegram-plane\" viewbox=\"0 0 448 512\" xmlns=\"http:\/\/www.w3.org\/2000\/svg\"><path d=\"M446.7 98.6l-67.6 318.8c-5.1 22.5-18.4 28.1-37.3 17.5l-103-75.9-49.7 47.8c-5.5 5.5-10.1 10.1-20.7 10.1l7.4-104.9 190.9-172.5c8.3-7.4-1.8-11.5-12.9-4.1L117.8 284 16.2 252.2c-22.1-6.9-22.5-22.1 4.6-32.7L418.2 66.4c18.4-6.9 34.5 4.1 28.5 32.2z\"><\/path><\/svg>\t\t\t\t<\/a>\n\t\t\t<\/div>\n\t\t\t\n\t\t\t\t\t\t<div class=\"elementor-icon-box-content\">\n\n\t\t\t\t\t\t\t\t\t<h6 class=\"elementor-icon-box-title\">\n\t\t\t\t\t\t<a href=\"mailto:contact@kumulon.com\" >\n\t\t\t\t\t\t\tcontact@kumulon.com\t\t\t\t\t\t<\/a>\n\t\t\t\t\t<\/h6>\n\t\t\t\t\n\t\t\t\t\n\t\t\t<\/div>\n\t\t\t\n\t\t<\/div>\n\t\t\t\t\t\t<\/div>\n\t\t\t\t<\/div>\n\t\t\t\t<div class=\"elementor-element elementor-element-24833f4e elementor-position-left elementor-mobile-position-left elementor-view-default elementor-vertical-align-top elementor-invisible elementor-widget elementor-widget-icon-box\" data-id=\"24833f4e\" data-element_type=\"widget\" data-settings=\"{&quot;_animation&quot;:&quot;fadeInUp&quot;}\" data-widget_type=\"icon-box.default\">\n\t\t\t\t<div class=\"elementor-widget-container\">\n\t\t\t\t\t\t\t<div class=\"elementor-icon-box-wrapper\">\n\n\t\t\t\t\t\t<div class=\"elementor-icon-box-icon\">\n\t\t\t\t<a href=\"#\" class=\"elementor-icon\" tabindex=\"-1\" aria-label=\"+49 571 7834 35 0\">\n\t\t\t\t<svg aria-hidden=\"true\" class=\"e-font-icon-svg e-fas-mobile-alt\" viewbox=\"0 0 320 512\" xmlns=\"http:\/\/www.w3.org\/2000\/svg\"><path d=\"M272 0H48C21.5 0 0 21.5 0 48v416c0 26.5 21.5 48 48 48h224c26.5 0 48-21.5 48-48V48c0-26.5-21.5-48-48-48zM160 480c-17.7 0-32-14.3-32-32s14.3-32 32-32 32 14.3 32 32-14.3 32-32 32zm112-108c0 6.6-5.4 12-12 12H60c-6.6 0-12-5.4-12-12V60c0-6.6 5.4-12 12-12h200c6.6 0 12 5.4 12 12v312z\"><\/path><\/svg>\t\t\t\t<\/a>\n\t\t\t<\/div>\n\t\t\t\n\t\t\t\t\t\t<div class=\"elementor-icon-box-content\">\n\n\t\t\t\t\t\t\t\t\t<h6 class=\"elementor-icon-box-title\">\n\t\t\t\t\t\t<a href=\"#\" >\n\t\t\t\t\t\t\t+49 571 7834 35 0\t\t\t\t\t\t<\/a>\n\t\t\t\t\t<\/h6>\n\t\t\t\t\n\t\t\t\t\n\t\t\t<\/div>\n\t\t\t\n\t\t<\/div>\n\t\t\t\t\t\t<\/div>\n\t\t\t\t<\/div>\n\t\t\t\t<div class=\"elementor-element elementor-element-205f656c elementor-position-left elementor-mobile-position-left elementor-view-default elementor-vertical-align-top elementor-invisible elementor-widget elementor-widget-icon-box\" data-id=\"205f656c\" data-element_type=\"widget\" data-settings=\"{&quot;_animation&quot;:&quot;fadeInUp&quot;}\" data-widget_type=\"icon-box.default\">\n\t\t\t\t<div class=\"elementor-widget-container\">\n\t\t\t\t\t\t\t<div class=\"elementor-icon-box-wrapper\">\n\n\t\t\t\t\t\t<div class=\"elementor-icon-box-icon\">\n\t\t\t\t<a href=\"#\" class=\"elementor-icon\" tabindex=\"-1\" aria-label=\"Hauptquartier\">\n\t\t\t\t<svg aria-hidden=\"true\" class=\"e-font-icon-svg e-fas-map-pin\" viewbox=\"0 0 288 512\" xmlns=\"http:\/\/www.w3.org\/2000\/svg\"><path d=\"M112 316.94v156.69l22.02 33.02c4.75 7.12 15.22 7.12 19.97 0L176 473.63V316.94c-10.39 1.92-21.06 3.06-32 3.06s-21.61-1.14-32-3.06zM144 0C64.47 0 0 64.47 0 144s64.47 144 144 144 144-64.47 144-144S223.53 0 144 0zm0 76c-37.5 0-68 30.5-68 68 0 6.62-5.38 12-12 12s-12-5.38-12-12c0-50.73 41.28-92 92-92 6.62 0 12 5.38 12 12s-5.38 12-12 12z\"><\/path><\/svg>\t\t\t\t<\/a>\n\t\t\t<\/div>\n\t\t\t\n\t\t\t\t\t\t<div class=\"elementor-icon-box-content\">\n\n\t\t\t\t\t\t\t\t\t<h6 class=\"elementor-icon-box-title\">\n\t\t\t\t\t\t<a href=\"#\" >\n\t\t\t\t\t\t\tHauptquartier\t\t\t\t\t\t<\/a>\n\t\t\t\t\t<\/h6>\n\t\t\t\t\n\t\t\t\t\t\t\t\t\t<p class=\"elementor-icon-box-description\">\n\t\t\t\t\t\tSimeonsplatz 2 |\n32423 Minden | DEUTSCHLAND\t\t\t\t\t<\/p>\n\t\t\t\t\n\t\t\t<\/div>\n\t\t\t\n\t\t<\/div>\n\t\t\t\t\t\t<\/div>\n\t\t\t\t<\/div>\n\t\t\t\t\t<\/div>\n\t\t\t\t<\/div>\n\t\t\t\t\t<\/div>\n\t\t\t\t<\/div>\n\t\t\t\t\t<\/div>\n\t\t\t\t<\/div>\n\t\t\t\t<\/div>","protected":false},"excerpt":{"rendered":"<p>Nehmen Sie Kontakt zu unserem Expertenteam auf. Ein Firmensitz am Simeonsplatz 2 in 32423 Minden bietet eine einzigartige Mischung aus Geschichte, zentraler Lage und Konnektivit\u00e4t. Im Herzen von Minden gelegen, verbindet diese Adresse den Charme einer historischen Umgebung mit moderner Infrastruktur. Die N\u00e4he zu wichtigen Verkehrswegen und Nahversorgungseinrichtungen macht es [...]<\/p>","protected":false},"author":1,"featured_media":0,"parent":0,"menu_order":0,"comment_status":"closed","ping_status":"closed","template":"","meta":{"footnotes":""},"class_list":["post-69","page","type-page","status-publish","hentry"],"yoast_head":"<!-- This site is optimized with the Yoast SEO plugin v24.7 - https:\/\/yoast.com\/wordpress\/plugins\/seo\/ -->\n<title>Contact<\/title>\n<meta name=\"robots\" content=\"index, follow, max-snippet:-1, max-image-preview:large, max-video-preview:-1\" \/>\n<link rel=\"canonical\" href=\"https:\/\/kumulon.com\/de\/contact\/\" \/>\n<meta property=\"og:locale\" content=\"de_DE\" \/>\n<meta property=\"og:type\" content=\"article\" \/>\n<meta property=\"og:title\" content=\"Contact\" \/>\n<meta property=\"og:description\" content=\"Get in touch with our expert team Having a headquarters at Simeonsplatz 2 in 32423 Minden offers a unique blend of history, central location, and connectivity. Situated in the heart of Minden, this address combines the charm of a historic setting with modern infrastructure. The proximity to major transport routes and local amenities makes it [&hellip;]\" \/>\n<meta property=\"og:url\" content=\"https:\/\/kumulon.com\/de\/contact\/\" \/>\n<meta property=\"og:site_name\" content=\"Kumulon\" \/>\n<meta property=\"article:modified_time\" content=\"2024-09-24T07:38:48+00:00\" \/>\n<meta property=\"og:image\" content=\"http:\/\/kumulon.com\/wp-content\/uploads\/2024\/08\/IMG_3565-scaled.jpg\" \/>\n<meta name=\"twitter:card\" content=\"summary_large_image\" \/>\n<meta name=\"twitter:label1\" content=\"Gesch\u00e4tzte Lesezeit\" \/>\n\t<meta name=\"twitter:data1\" content=\"1\u00a0Minute\" \/>\n<script type=\"application\/ld+json\" class=\"yoast-schema-graph\">{\"@context\":\"https:\/\/schema.org\",\"@graph\":[{\"@type\":\"WebPage\",\"@id\":\"https:\/\/kumulon.com\/contact\/\",\"url\":\"https:\/\/kumulon.com\/contact\/\",\"name\":\"Contact\",\"isPartOf\":{\"@id\":\"https:\/\/kumulon.com\/#website\"},\"primaryImageOfPage\":{\"@id\":\"https:\/\/kumulon.com\/contact\/#primaryimage\"},\"image\":{\"@id\":\"https:\/\/kumulon.com\/contact\/#primaryimage\"},\"thumbnailUrl\":\"https:\/\/kumulon.com\/wp-content\/uploads\/2024\/08\/IMG_3565-scaled.jpg\",\"datePublished\":\"2024-08-21T09:25:32+00:00\",\"dateModified\":\"2024-09-24T07:38:48+00:00\",\"breadcrumb\":{\"@id\":\"https:\/\/kumulon.com\/contact\/#breadcrumb\"},\"inLanguage\":\"de\",\"potentialAction\":[{\"@type\":\"ReadAction\",\"target\":[\"https:\/\/kumulon.com\/contact\/\"]}]},{\"@type\":\"ImageObject\",\"inLanguage\":\"de\",\"@id\":\"https:\/\/kumulon.com\/contact\/#primaryimage\",\"url\":\"https:\/\/kumulon.com\/wp-content\/uploads\/2024\/08\/IMG_3565-scaled.jpg\",\"contentUrl\":\"https:\/\/kumulon.com\/wp-content\/uploads\/2024\/08\/IMG_3565-scaled.jpg\"},{\"@type\":\"BreadcrumbList\",\"@id\":\"https:\/\/kumulon.com\/contact\/#breadcrumb\",\"itemListElement\":[{\"@type\":\"ListItem\",\"position\":1,\"name\":\"Startseite\",\"item\":\"https:\/\/kumulon.com\/\"},{\"@type\":\"ListItem\",\"position\":2,\"name\":\"Contact\"}]},{\"@type\":\"WebSite\",\"@id\":\"https:\/\/kumulon.com\/#website\",\"url\":\"https:\/\/kumulon.com\/\",\"name\":\"Kumulon\",\"description\":\"Unleash today, thrive tomorrow\",\"publisher\":{\"@id\":\"https:\/\/kumulon.com\/#organization\"},\"potentialAction\":[{\"@type\":\"SearchAction\",\"target\":{\"@type\":\"EntryPoint\",\"urlTemplate\":\"https:\/\/kumulon.com\/?s={search_term_string}\"},\"query-input\":{\"@type\":\"PropertyValueSpecification\",\"valueRequired\":true,\"valueName\":\"search_term_string\"}}],\"inLanguage\":\"de\"},{\"@type\":\"Organization\",\"@id\":\"https:\/\/kumulon.com\/#organization\",\"name\":\"Kumulon\",\"url\":\"https:\/\/kumulon.com\/\",\"logo\":{\"@type\":\"ImageObject\",\"inLanguage\":\"de\",\"@id\":\"https:\/\/kumulon.com\/#\/schema\/logo\/image\/\",\"url\":\"https:\/\/kumulon.com\/wp-content\/uploads\/2024\/08\/Kumulon-Logo.png\",\"contentUrl\":\"https:\/\/kumulon.com\/wp-content\/uploads\/2024\/08\/Kumulon-Logo.png\",\"width\":1000,\"height\":218,\"caption\":\"Kumulon\"},\"image\":{\"@id\":\"https:\/\/kumulon.com\/#\/schema\/logo\/image\/\"},\"sameAs\":[\"https:\/\/www.linkedin.com\/company\/kumulon\"]}]}<\/script>\n<!-- \/ Yoast SEO plugin. -->","yoast_head_json":{"title":"Kontakt","robots":{"index":"index","follow":"follow","max-snippet":"max-snippet:-1","max-image-preview":"max-image-preview:large","max-video-preview":"max-video-preview:-1"},"canonical":"https:\/\/kumulon.com\/de\/contact\/","og_locale":"de_DE","og_type":"article","og_title":"Contact","og_description":"Get in touch with our expert team Having a headquarters at Simeonsplatz 2 in 32423 Minden offers a unique blend of history, central location, and connectivity. Situated in the heart of Minden, this address combines the charm of a historic setting with modern infrastructure. The proximity to major transport routes and local amenities makes it [&hellip;]","og_url":"https:\/\/kumulon.com\/de\/contact\/","og_site_name":"Kumulon","article_modified_time":"2024-09-24T07:38:48+00:00","og_image":[{"url":"http:\/\/kumulon.com\/wp-content\/uploads\/2024\/08\/IMG_3565-scaled.jpg","type":"","width":"","height":""}],"twitter_card":"summary_large_image","twitter_misc":{"Gesch\u00e4tzte Lesezeit":"1\u00a0Minute"},"schema":{"@context":"https:\/\/schema.org","@graph":[{"@type":"WebPage","@id":"https:\/\/kumulon.com\/contact\/","url":"https:\/\/kumulon.com\/contact\/","name":"Kontakt","isPartOf":{"@id":"https:\/\/kumulon.com\/#website"},"primaryImageOfPage":{"@id":"https:\/\/kumulon.com\/contact\/#primaryimage"},"image":{"@id":"https:\/\/kumulon.com\/contact\/#primaryimage"},"thumbnailUrl":"https:\/\/kumulon.com\/wp-content\/uploads\/2024\/08\/IMG_3565-scaled.jpg","datePublished":"2024-08-21T09:25:32+00:00","dateModified":"2024-09-24T07:38:48+00:00","breadcrumb":{"@id":"https:\/\/kumulon.com\/contact\/#breadcrumb"},"inLanguage":"de","potentialAction":[{"@type":"ReadAction","target":["https:\/\/kumulon.com\/contact\/"]}]},{"@type":"ImageObject","inLanguage":"de","@id":"https:\/\/kumulon.com\/contact\/#primaryimage","url":"https:\/\/kumulon.com\/wp-content\/uploads\/2024\/08\/IMG_3565-scaled.jpg","contentUrl":"https:\/\/kumulon.com\/wp-content\/uploads\/2024\/08\/IMG_3565-scaled.jpg"},{"@type":"BreadcrumbList","@id":"https:\/\/kumulon.com\/contact\/#breadcrumb","itemListElement":[{"@type":"ListItem","position":1,"name":"Startseite","item":"https:\/\/kumulon.com\/"},{"@type":"ListItem","position":2,"name":"Contact"}]},{"@type":"WebSite","@id":"https:\/\/kumulon.com\/#website","url":"https:\/\/kumulon.com\/","name":"Kumulon","description":"Heute entfesseln, morgen erfolgreich sein","publisher":{"@id":"https:\/\/kumulon.com\/#organization"},"potentialAction":[{"@type":"SearchAction","target":{"@type":"EntryPoint","urlTemplate":"https:\/\/kumulon.com\/?s={search_term_string}"},"query-input":{"@type":"PropertyValueSpecification","valueRequired":true,"valueName":"search_term_string"}}],"inLanguage":"de"},{"@type":"Organization","@id":"https:\/\/kumulon.com\/#organization","name":"Kumulon","url":"https:\/\/kumulon.com\/","logo":{"@type":"ImageObject","inLanguage":"de","@id":"https:\/\/kumulon.com\/#\/schema\/logo\/image\/","url":"https:\/\/kumulon.com\/wp-content\/uploads\/2024\/08\/Kumulon-Logo.png","contentUrl":"https:\/\/kumulon.com\/wp-content\/uploads\/2024\/08\/Kumulon-Logo.png","width":1000,"height":218,"caption":"Kumulon"},"image":{"@id":"https:\/\/kumulon.com\/#\/schema\/logo\/image\/"},"sameAs":["https:\/\/www.linkedin.com\/company\/kumulon"]}]}},"_links":{"self":[{"href":"https:\/\/kumulon.com\/de\/wp-json\/wp\/v2\/pages\/69","targetHints":{"allow":["GET"]}}],"collection":[{"href":"https:\/\/kumulon.com\/de\/wp-json\/wp\/v2\/pages"}],"about":[{"href":"https:\/\/kumulon.com\/de\/wp-json\/wp\/v2\/types\/page"}],"author":[{"embeddable":true,"href":"https:\/\/kumulon.com\/de\/wp-json\/wp\/v2\/users\/1"}],"replies":[{"embeddable":true,"href":"https:\/\/kumulon.com\/de\/wp-json\/wp\/v2\/comments?post=69"}],"version-history":[{"count":13,"href":"https:\/\/kumulon.com\/de\/wp-json\/wp\/v2\/pages\/69\/revisions"}],"predecessor-version":[{"id":426,"href":"https:\/\/kumulon.com\/de\/wp-json\/wp\/v2\/pages\/69\/revisions\/426"}],"wp:attachment":[{"href":"https:\/\/kumulon.com\/de\/wp-json\/wp\/v2\/media?parent=69"}],"curies":[{"name":"wp","href":"https:\/\/api.w.org\/{rel}","templated":true}]}}